{"id":2,"date":"2018-12-29T12:53:11","date_gmt":"2018-12-29T12:53:11","guid":{"rendered":"https:\/\/nmcs.pt\/?page_id=2"},"modified":"2025-05-01T11:38:14","modified_gmt":"2025-05-01T11:38:14","slug":"sobrenos","status":"publish","type":"page","link":"https:\/\/nmcs.pt\/en\/sobrenos\/","title":{"rendered":"Who we are"},"content":{"rendered":"<div class=\"container row_section\"><div  class=\"vc_row wpb_row vc_row-fluid vc_column-gap-30 vc_row-69f3c39e75440998391001\"   style=' text-align:left;'><div class=\"row-container container-fluid\"><div class=\"row-inner\"><div class=\"wpb_column vc_column_container vc_col-sm-12 vc_column_container_69f3c39e76761768133768\"><div class=\"vc_column-inner\"><div class=\"wpb_wrapper\"><div class=\"vc_empty_space  vc_empty_space_1\"   style=\"height: 80px\" ><span class=\"vc_empty_space_inner\"><\/span><\/div>\r\n<\/div><\/div><\/div><\/div><\/div><\/div><\/div><div class=\"container-fluid row_section\"><div  class=\"vc_row wpb_row vc_row-fluid vc_custom_1662981836530 vc_row-has-fill vc_column-gap-30 rdy_vc_row-o-equal-height rdy_vc_row-flex vc_row-69f3c39e76b8d109194969 no-spaces\"   style=' text-align:left;'><div class=\"row-container container-fluid\"><div class=\"row-inner\"><div class=\"wpb_column vc_column_container vc_col-sm-4 vc_column_container_69f3c39e76d63348306197 vc_column_gutter vc_column_gutter_30 shadow8 animate-element column_vertical_align_center\" data-animation-class=\"fadeInUp2\"><div class=\"vc_column-inner vc_custom_1643570219235\"><div class=\"wpb_wrapper\"><div class=\"rdy_button_align center\" ><a href=\"#\"  class=\"rdy_button  no-radius large dark flat-dimension button-2\" style=\"border-width: 2px!important; border-radius: 0px;-moz-border-radius: 0px;-webkit-border-radius: 0px; \"><span>Vision<\/span><\/a><\/div>\n\t<div class=\"wpb_text_column_3 wpb_text_column wpb_content_element\">\n\t\t<div class=\"wpb_wrapper\" >\n\t\t\t<p style=\"text-align: center;\"><span style=\"color: #000000;\">To be a reference office and the first option of our customers, due to the excellence of our professionals and services.<\/span><\/p>\n\n\t\t<\/div> \n\t<\/div> <\/div><\/div><\/div><div class=\"wpb_column vc_column_container vc_col-sm-4 vc_column_container_69f3c39e770f0644999558 vc_column_gutter vc_column_gutter_30 shadow8 animate-element column_vertical_align_center\" data-animation-class=\"fadeInUp2\"><div class=\"vc_column-inner vc_custom_1643570443406\"><div class=\"wpb_wrapper\"><div class=\"rdy_button_align center\" ><a href=\"#\"  class=\"rdy_button  no-radius large dark flat-dimension button-4\" style=\"border-width: 2px!important; border-radius: 0px;-moz-border-radius: 0px;-webkit-border-radius: 0px; \"><span>Mission<\/span><\/a><\/div>\n\t<div class=\"wpb_text_column_5 wpb_text_column wpb_content_element\">\n\t\t<div class=\"wpb_wrapper\" >\n\t\t\t<p style=\"text-align: center;\"><span style=\"color: #000000;\">Provide the best legal solutions for our clients, creating added value for them, with full respect for our values.<\/span><\/p>\n\n\t\t<\/div> \n\t<\/div> <\/div><\/div><\/div><div class=\"wpb_column vc_column_container vc_col-sm-4 vc_column_container_69f3c39e773f1748588196 vc_column_gutter vc_column_gutter_30 shadow8 animate-element column_vertical_align_center\" data-animation-class=\"fadeInUp2\"><div class=\"vc_column-inner vc_custom_1643570469037\"><div class=\"wpb_wrapper\"><div class=\"rdy_button_align center\" ><a href=\"#\"  class=\"rdy_button  no-radius large dark flat-dimension button-6\" style=\"border-width: 2px!important; border-radius: 0px;-moz-border-radius: 0px;-webkit-border-radius: 0px; \"><span>Values<\/span><\/a><\/div>\n\t<div class=\"wpb_text_column_7 wpb_text_column wpb_content_element\">\n\t\t<div class=\"wpb_wrapper\" >\n\t\t\t<p style=\"text-align: center;\"><span style=\"color: #000000;\">Competence, rigor, efficiency, ethics, responsibility, loyalty, trust, independence, determination, experience and innovation.<\/span><\/p>\n\n\t\t<\/div> \n\t<\/div> <\/div><\/div><\/div><\/div><\/div><\/div><\/div><div class=\"container row_section\"><div  class=\"vc_row wpb_row vc_row-fluid vc_column-gap-30 vc_row-69f3c39e777f4853172064\"   style=' text-align:left;'><div class=\"row-container container-fluid\"><div class=\"row-inner\"><div class=\"wpb_column vc_column_container vc_col-sm-12 vc_column_container_69f3c39e7795f544506185\"><div class=\"vc_column-inner\"><div class=\"wpb_wrapper\"><div class=\"vc_empty_space  vc_empty_space_8\"   style=\"height: 60px\" ><span class=\"vc_empty_space_inner\"><\/span><\/div>\r\n<\/div><\/div><\/div><\/div><\/div><\/div><\/div><div class=\"container-fluid row_section\"><div  class=\"vc_row wpb_row vc_row-fluid vc_custom_1643654095424 vc_row-69f3c39e77cae390347907\"   style=' text-align:center;'><div class=\"row-container container\"><div class=\"row-inner\"><div class=\"wpb_column vc_column_container vc_col-sm-12 vc_col-has-fill vc_column_container_69f3c39e77e91109801320 column_vertical_align_center\" style=\"text-align:left;\"><div class=\"vc_column-inner vc_custom_1642702724242\"><div class=\"wpb_wrapper\">\n\t<div class=\"wpb_text_column_9 wpb_text_column wpb_content_element\">\n\t\t<div class=\"wpb_wrapper\" >\n\t\t\t<p style=\"text-align: left;\" class=\"translation-block\"><span style=\"color: #000000\">Nuno Marques &amp; A society. Cristina Serra - Sociedade de Advogados, SP, RL (NMCS) was founded in 2001, and was registered with the Bar Association with No. 18\/2001. <\/span><span style=\"color: #000000\">The founding partners, Nuno Marques and Ana Cristina Serra, have been practicing law since 1994 (having carried out the internship between 1992 and 1994). <\/span><\/p>\n<p style=\"text-align: left;\"><span style=\"color: #000000;\">NMCS carries out its activity according to the vision, mission and values listed above.<\/span><\/p>\n<p style=\"text-align: left;\"><span style=\"color: #000000;\">It has offices in Oliveira do Hospital, where it has located its headquarters, and in Arganil, thus covering an extensive geographical area in the center of the country. Nevertheless, NMCS and its lawyers provide legal services throughout all the country, namely at the level of litigation.<\/span><\/p>\n<p style=\"text-align: left;\"><span style=\"color: #000000;\">The firm is equipped with all the modern work tools (namely legal databases and law firm management software) and communication tools, and is also equipped with the necessary human resources.<img loading=\"lazy\" decoding=\"async\" class=\"wp-image-967 alignright\" src=\"https:\/\/nmcs.pt\/wp-content\/uploads\/2019\/01\/foto2.jpg\" alt=\"\" width=\"414\" height=\"198\" srcset=\"https:\/\/nmcs.pt\/wp-content\/uploads\/2019\/01\/foto2.jpg 1024w, https:\/\/nmcs.pt\/wp-content\/uploads\/2019\/01\/foto2-300x144.jpg 300w, https:\/\/nmcs.pt\/wp-content\/uploads\/2019\/01\/foto2-768x368.jpg 768w, https:\/\/nmcs.pt\/wp-content\/uploads\/2019\/01\/foto2-700x335.jpg 700w, https:\/\/nmcs.pt\/wp-content\/uploads\/2019\/01\/foto2-600x287.jpg 600w\" sizes=\"auto, (max-width: 414px) 100vw, 414px\" \/><\/span><\/p>\n<p style=\"text-align: left;\"><span style=\"color: #000000;\">NMCS lawyers remain permanently updated in order to provide the best legal services to their clients. The dimension and organization of the society allows them to give personalized attention to all customers and subjects.<\/span><\/p>\n<p style=\"text-align: left;\"><span style=\"color: #000000;\">NMCS has a diversified client portfolio, from commercial companies to public entities, associations, individuals, etc. The main customers are from Portugal, England and the Netherlands.<\/span><\/p>\n\n\t\t<\/div> \n\t<\/div> <\/div><\/div><\/div><\/div><\/div><\/div><\/div>","protected":false},"excerpt":{"rendered":"Vis\u00e3o Sermos um escrit\u00f3rio de refer\u00eancia e a primeira op\u00e7\u00e3o dos nossos clientes, em raz\u00e3o da excel\u00eancia dos nossos profissionais e servi\u00e7os. Miss\u00e3o Fornecermos as melhores solu\u00e7\u00f5es jur\u00eddicas para os [...]","protected":false},"author":1,"featured_media":0,"parent":0,"menu_order":0,"comment_status":"closed","ping_status":"open","template":"","meta":{"footnotes":""},"class_list":["post-2","page","type-page","status-publish","hentry"],"aioseo_notices":[],"_links":{"self":[{"href":"https:\/\/nmcs.pt\/en\/wp-json\/wp\/v2\/pages\/2","targetHints":{"allow":["GET"]}}],"collection":[{"href":"https:\/\/nmcs.pt\/en\/wp-json\/wp\/v2\/pages"}],"about":[{"href":"https:\/\/nmcs.pt\/en\/wp-json\/wp\/v2\/types\/page"}],"author":[{"embeddable":true,"href":"https:\/\/nmcs.pt\/en\/wp-json\/wp\/v2\/users\/1"}],"replies":[{"embeddable":true,"href":"https:\/\/nmcs.pt\/en\/wp-json\/wp\/v2\/comments?post=2"}],"version-history":[{"count":134,"href":"https:\/\/nmcs.pt\/en\/wp-json\/wp\/v2\/pages\/2\/revisions"}],"predecessor-version":[{"id":1686,"href":"https:\/\/nmcs.pt\/en\/wp-json\/wp\/v2\/pages\/2\/revisions\/1686"}],"wp:attachment":[{"href":"https:\/\/nmcs.pt\/en\/wp-json\/wp\/v2\/media?parent=2"}],"curies":[{"name":"wp","href":"https:\/\/api.w.org\/{rel}","templated":true}]}}