{"id":16,"date":"2015-07-31T10:03:47","date_gmt":"2015-07-31T10:03:47","guid":{"rendered":"http:\/\/puzzlerbox.com\/levelup\/demo4\/?page_id=16"},"modified":"2023-07-21T11:28:27","modified_gmt":"2023-07-21T11:28:27","slug":"contact","status":"publish","type":"page","link":"https:\/\/nmcs.pt\/en\/contact\/","title":{"rendered":"Contact"},"content":{"rendered":"<div class=\"container row_section\"><div  class=\"vc_row wpb_row vc_row-fluid vc_custom_1643911235040 vc_column-gap-30 vc_row-69ff6326e2176262744112\"   style=' text-align:left;'><div class=\"row-container container-fluid\"><div class=\"row-inner\"><div class=\"wpb_column vc_column_container vc_col-sm-6 vc_column_container_69ff6326e36ca854029001\"><div class=\"vc_column-inner\"><div class=\"wpb_wrapper\"><div class=\"vc_custom_heading vc_custom_heading_69ff6326e3afa314101027\" ><h2 style=\"font-size: 60px;text-align: left;font-family:Playfair Display;font-weight:400;font-style:normal\"><span class=\"hilight\"  >Contacts<\/span><\/h2><\/div><\/div><\/div><\/div><div class=\"wpb_column vc_column_container vc_col-sm-6 vc_column_container_69ff6326e50b5654995077 column_vertical_align_true\"><div class=\"vc_column-inner\"><div class=\"wpb_wrapper\"><div class=\"rdy_share rdy_share-1 rdy_share-circle social-align-left\" >\r\n                    <a target=\"_blank\" class=\"rdy_share-item linkedin-hover\" href=\"https:\/\/www.linkedin.com\/company\/nuno-marques-a-cristina-serra-sociedade-de-advogados-sp-rl\/\"><i class=\"fa fa-linkedin\"><\/i><\/a>\r\n                <\/div><\/div><\/div><\/div><\/div><\/div><\/div><\/div><div class=\"container row_section\"><div  class=\"vc_row wpb_row vc_row-fluid vc_custom_1443784149207 vc_column-gap-30 vc_row-69ff6326e57b0875891831\"   style=' text-align:left;'><div class=\"row-container container-fluid\"><div class=\"row-inner\"><div class=\"wpb_column vc_column_container vc_col-sm-12 vc_column_container_69ff6326e5b1e334718042\"><div class=\"vc_column-inner\"><div class=\"wpb_wrapper\"><div class=\"rdy_separator_69ff6326e5d3f181400273 rdy_separator normal  vc_sep_pos_align_center\" style=\"border-color: #dddddd;border-top-width: 1px;border-style: solid;max-width: 100%;\"><\/div>\n<\/div><\/div><\/div><\/div><\/div><\/div><\/div><div class=\"container row_section\"><div  class=\"vc_row wpb_row vc_row-fluid vc_custom_1642703258268 vc_column-gap-30 vc_row-69ff6326e6110212268345\"   style=' text-align:left;'><div class=\"row-container container-fluid\"><div class=\"row-inner\"><div class=\"wpb_column vc_column_container vc_col-sm-6 vc_col-lg-3 vc_col-md-3 vc_col-xs-12 vc_column_container_69ff6326e63ca425766678\"><div class=\"vc_column-inner\"><div class=\"wpb_wrapper\">\n\t<div class=\"wpb_text_column_2 wpb_text_column wpb_content_element\">\n\t\t<div class=\"wpb_wrapper\" >\n\t\t\t<h3>OLIVEIRA DO HOSPITAL<\/h3>\n<p>Rua Prof. Dr. Antunes Varela, n\u00ba 2F, 1\u00ba dt\u00ba<br \/>\n3400-133 Oliveira do Hospital<\/p>\n<p>T +351 238 602 076 (call to the national fixed network)<br \/>\nF +351 238 601 644<br \/>\ngeral1@nmcs.pt<\/p>\n<p class=\"translation-block\">WEEK DAYS: 09:00 \u2013 12:30<br>\n14:00 \u2013 18:30<br>\nSATURDAY AND SUNDAY: CLOSED<\/p>\n\n\t\t<\/div> \n\t<\/div> <\/div><\/div><\/div><div class=\"wpb_column vc_column_container vc_col-sm-6 vc_col-lg-3 vc_col-md-3 vc_col-xs-12 vc_column_container_69ff6326e67fd780775758\"><div class=\"vc_column-inner\"><div class=\"wpb_wrapper\">\n\t<div class=\"wpb_text_column_3 wpb_text_column wpb_content_element\">\n\t\t<div class=\"wpb_wrapper\" >\n\t\t\t<h3>ARGANIL<\/h3>\n<p>Av. Jos\u00e9 Augusto de Carvalho,<br \/>\nEd. Millennium BCP, 1\u00ba esq\u00ba<br \/>\n3300-014 Arganil<\/p>\n<p>T +351 235 205 343 (call to the national fixed network)<br \/>\nF +351 235 208 678<br \/>\ngeral2@nmcs.pt<\/p>\n<p class=\"translation-block\">WEEK DAYS: 09:00 \u2013 12:30<br>\n14:00 \u2013 18:30<br>\nSATURDAY AND SUNDAY: CLOSED<\/p>\n\n\t\t<\/div> \n\t<\/div> <\/div><\/div><\/div><div class=\"wpb_column vc_column_container vc_col-sm-12 vc_col-lg-6 vc_col-md-6 vc_col-xs-12 vc_column_container_69ff6326e6b9c931758993\"><div class=\"vc_column-inner\"><div class=\"wpb_wrapper\">\n<div class=\"wpcf7 no-js\" id=\"wpcf7-f1019-o1\" lang=\"pt-PT\" dir=\"ltr\" data-wpcf7-id=\"1019\">\n<div class=\"screen-reader-response\"><p role=\"status\" aria-live=\"polite\" aria-atomic=\"true\"><\/p> <ul><\/ul><\/div>\n<form action=\"\/en\/wp-json\/wp\/v2\/pages\/16#wpcf7-f1019-o1\" method=\"post\" class=\"wpcf7-form init\" aria-label=\"Formul\u00e1rio de contacto\" novalidate=\"novalidate\" data-status=\"init\" data-trp-original-action=\"\/en\/wp-json\/wp\/v2\/pages\/16#wpcf7-f1019-o1\">\n<fieldset class=\"hidden-fields-container\"><input type=\"hidden\" name=\"_wpcf7\" value=\"1019\" \/><input type=\"hidden\" name=\"_wpcf7_version\" value=\"6.1.5\" \/><input type=\"hidden\" name=\"_wpcf7_locale\" value=\"pt_PT\" \/><input type=\"hidden\" name=\"_wpcf7_unit_tag\" value=\"wpcf7-f1019-o1\" \/><input type=\"hidden\" name=\"_wpcf7_container_post\" value=\"0\" \/><input type=\"hidden\" name=\"_wpcf7_posted_data_hash\" value=\"\" \/><input type=\"hidden\" name=\"_wpcf7_recaptcha_response\" value=\"\" \/>\n<\/fieldset>\n<p><label> Your name (required)<br \/>\n<span class=\"wpcf7-form-control-wrap\" data-name=\"your-name\"><input size=\"40\" maxlength=\"400\" class=\"wpcf7-form-control wpcf7-text wpcf7-validates-as-required\" aria-required=\"true\" aria-invalid=\"false\" value=\"\" type=\"text\" name=\"your-name\" \/><\/span> <\/label>\n<\/p>\n<p><label> Your email (required)<br \/>\n<span class=\"wpcf7-form-control-wrap\" data-name=\"your-email\"><input size=\"40\" maxlength=\"400\" class=\"wpcf7-form-control wpcf7-email wpcf7-validates-as-required wpcf7-text wpcf7-validates-as-email\" aria-required=\"true\" aria-invalid=\"false\" value=\"\" type=\"email\" name=\"your-email\" \/><\/span> <\/label>\n<\/p>\n<p><label> Your phone (required)<br \/>\n<span class=\"wpcf7-form-control-wrap\" data-name=\"your-Tel\"><input size=\"40\" maxlength=\"400\" class=\"wpcf7-form-control wpcf7-tel wpcf7-validates-as-required wpcf7-text wpcf7-validates-as-tel\" aria-required=\"true\" aria-invalid=\"false\" value=\"\" type=\"tel\" name=\"your-Tel\" \/><\/span> <\/label><br \/>\n<label> Assunto (obrigat\u00f3rio)<br \/>\n<span class=\"wpcf7-form-control-wrap\" data-name=\"your-subject\"><input size=\"40\" maxlength=\"400\" class=\"wpcf7-form-control wpcf7-text wpcf7-validates-as-required\" aria-required=\"true\" aria-invalid=\"false\" value=\"\" type=\"text\" name=\"your-subject\" \/><\/span> <\/label>\n<\/p>\n<p><label> A sua mensagem (obrigat\u00f3rio)<br \/>\n<span class=\"wpcf7-form-control-wrap\" data-name=\"your-message\"><textarea cols=\"40\" rows=\"10\" maxlength=\"2000\" class=\"wpcf7-form-control wpcf7-textarea wpcf7-validates-as-required\" aria-required=\"true\" aria-invalid=\"false\" name=\"your-message\"><\/textarea><\/span> <\/label>\n<\/p>\n<p><span class=\"wpcf7-form-control-wrap\" data-name=\"checkbox-369\"><span class=\"wpcf7-form-control wpcf7-checkbox wpcf7-validates-as-required\"><span class=\"wpcf7-list-item first last\"><label><input type=\"checkbox\" name=\"checkbox-369[]\" value=\"Li, compreendi e aceito a Pol\u00edtica de Privacidade e os Termos e Condi\u00e7\u00f5es\" \/><span class=\"wpcf7-list-item-label\">I have read, understood and accept the Privacy Policy and the Terms and Conditions<\/span><\/label><\/span><\/span><\/span>\n<\/p>\n<p><input class=\"wpcf7-form-control wpcf7-submit has-spinner\" type=\"submit\" value=\"Send\" \/>\n<\/p><div class=\"wpcf7-response-output\" aria-hidden=\"true\"><\/div>\n<input type=\"hidden\" name=\"trp-form-language\" value=\"en\"\/><\/form>\n<\/div>\n\n\t<div class=\"wpb_text_column_4 wpb_text_column wpb_content_element\">\n\t\t<div class=\"wpb_wrapper\" >\n\t\t\t\n\t\t<\/div> \n\t<\/div> <\/div><\/div><\/div><\/div><\/div><\/div><\/div><div class=\"container row_section\"><div  class=\"vc_row wpb_row vc_row-fluid vc_column-gap-30 vc_row-69ff6326ee635638049522\"   style=' text-align:left;'><div class=\"row-container container-fluid\"><div class=\"row-inner\"><div class=\"wpb_column vc_column_container vc_col-sm-6 vc_column_container_69ff6326ee98c424273984\"><div class=\"vc_column-inner\"><div class=\"wpb_wrapper\"><div class=\"wpb_gmaps_widget wpb_content_element\"><div class=\"wpb_wrapper\"><div class=\"wpb_map_wraper\"><iframe src=\"https:\/\/www.google.com\/maps\/embed?pb=!1m18!1m12!1m3!1d3040.2048032735797!2d-7.8610546841202105!3d40.35998297937172!2m3!1f0!2f0!3f0!3m2!1i1024!2i768!4f13.1!3m3!1m2!1s0xd22d5f055dc5341%3A0xef405876e285799a!2sNuno%20Marques%20%26%20A.%20Cristina%20Serra%20-%20Sociedade%20de%20Advogados%2C%20RL!5e0!3m2!1spt-PT!2spt!4v1642697790726!5m2!1spt-PT!2spt\" width=\"600\" height=\"450\" style=\"border:0;\" allowfullscreen=\"\" loading=\"lazy\"><\/iframe><\/div><\/div><\/div><\/div><\/div><\/div><div class=\"wpb_column vc_column_container vc_col-sm-6 vc_column_container_69ff6326eee37008387731\"><div class=\"vc_column-inner\"><div class=\"wpb_wrapper\"><div class=\"wpb_gmaps_widget wpb_content_element\"><div class=\"wpb_wrapper\"><div class=\"wpb_map_wraper\"><iframe src=\"https:\/\/www.google.com\/maps\/embed?pb=!1m14!1m8!1m3!1d4977.856022446949!2d-8.05504420785965!3d40.21837955220462!3m2!1i1024!2i768!4f13.1!3m3!1m2!1s0x0%3A0x893fd6f6f463cc39!2sNuno%20Marques%20%26%20A.%20Cristina%20Serra%20-%20Sociedade%20de%20Advogados%2C%20RL!5e0!3m2!1spt-PT!2spt!4v1643383457463!5m2!1spt-PT!2spt\" width=\"600\" height=\"450\" style=\"border:0;\" allowfullscreen=\"\" loading=\"lazy\"><\/iframe><\/div><\/div><\/div><\/div><\/div><\/div><\/div><\/div><\/div><\/div>","protected":false},"excerpt":{"rendered":"Contactos OLIVEIRA DO HOSPITAL Rua Prof. Dr. Antunes Varela, n\u00ba 2F, 1\u00ba dt\u00ba 3400-133 Oliveira do Hospital T +351 238 602 076 (chamada para a rede fixa nacional) F +351 [...]","protected":false},"author":1,"featured_media":0,"parent":0,"menu_order":0,"comment_status":"open","ping_status":"open","template":"","meta":{"footnotes":""},"class_list":["post-16","page","type-page","status-publish","hentry"],"aioseo_notices":[],"_links":{"self":[{"href":"https:\/\/nmcs.pt\/en\/wp-json\/wp\/v2\/pages\/16","targetHints":{"allow":["GET"]}}],"collection":[{"href":"https:\/\/nmcs.pt\/en\/wp-json\/wp\/v2\/pages"}],"about":[{"href":"https:\/\/nmcs.pt\/en\/wp-json\/wp\/v2\/types\/page"}],"author":[{"embeddable":true,"href":"https:\/\/nmcs.pt\/en\/wp-json\/wp\/v2\/users\/1"}],"replies":[{"embeddable":true,"href":"https:\/\/nmcs.pt\/en\/wp-json\/wp\/v2\/comments?post=16"}],"version-history":[{"count":32,"href":"https:\/\/nmcs.pt\/en\/wp-json\/wp\/v2\/pages\/16\/revisions"}],"predecessor-version":[{"id":1805,"href":"https:\/\/nmcs.pt\/en\/wp-json\/wp\/v2\/pages\/16\/revisions\/1805"}],"wp:attachment":[{"href":"https:\/\/nmcs.pt\/en\/wp-json\/wp\/v2\/media?parent=16"}],"curies":[{"name":"wp","href":"https:\/\/api.w.org\/{rel}","templated":true}]}}